{"id":83,"date":"2025-03-15T10:44:30","date_gmt":"2025-03-15T10:44:30","guid":{"rendered":"https:\/\/takipmerkezi.com.tr\/?page_id=83"},"modified":"2025-03-15T10:44:31","modified_gmt":"2025-03-15T10:44:31","slug":"hakkinda","status":"publish","type":"page","link":"https:\/\/takipmerkezi.com.tr\/en\/hakkinda\/","title":{"rendered":"Hakk\u0131nda"},"content":{"rendered":"<p><em>Takip Merkezi<\/em>, sosyal medya d\u00fcnyas\u0131nda daha g\u00fc\u00e7l\u00fc ve etkili bir varl\u0131k olu\u015fturmak isteyenler i\u00e7in kapsaml\u0131 bir bilgi ve etkile\u015fim platformudur. Sosyal medya ile ilgili en son haberler, trendler, ara\u00e7lar ve stratejiler hakk\u0131nda bilgi sa\u011flayarak kullan\u0131c\u0131lar\u0131n dijital d\u00fcnyada daha verimli bir \u015fekilde yer almalar\u0131na olanak tan\u0131r.<\/p>\n\n\n\n<p>Teknolojinin h\u0131zla geli\u015fti\u011fi g\u00fcn\u00fcm\u00fczde, sosyal medya platformlar\u0131nda ba\u015far\u0131l\u0131 olabilmek, sadece i\u00e7erik \u00fcretmekle de\u011fil, ayn\u0131 zamanda do\u011fru stratejilerle etkile\u015fim kurmak ve do\u011fru ba\u011flant\u0131lar\u0131 olu\u015fturmakla m\u00fcmk\u00fcnd\u00fcr. <em>Takip Merkezi<\/em>, bu ihtiyac\u0131 g\u00f6z \u00f6n\u00fcnde bulundurarak, sosyal medya kullan\u0131c\u0131lar\u0131n\u0131n takip\u00e7i say\u0131s\u0131n\u0131 art\u0131rmalar\u0131na, etkile\u015fimlerini g\u00fc\u00e7lendirmelerine ve dijital a\u011flar\u0131n\u0131 geni\u015fletmelerine yard\u0131mc\u0131 olur.<\/p>\n\n\n\n<p>Sitemiz, her seviyeden kullan\u0131c\u0131ya hitap edecek ara\u00e7lar ve kaynaklar sunar. Hem bireysel kullan\u0131c\u0131lar hem de i\u015fletmeler i\u00e7in sosyal medya stratejilerini g\u00fc\u00e7lendirmek, i\u00e7eriklerini do\u011fru kitlelere ula\u015ft\u0131rmak ve etkili bir takip\u00e7i kitlesi olu\u015fturmak ad\u0131na \u00e7e\u015fitli \u00e7\u00f6z\u00fcmler sunuyoruz. <em>Takip Merkezi<\/em>, sosyal medya d\u00fcnyas\u0131nda ba\u015far\u0131l\u0131 olmak i\u00e7in gereken her \u015feyi bir arada sunar.<\/p>\n\n\n\n<p>D\u00fcnyadaki sosyal medya kullan\u0131c\u0131lar\u0131 aras\u0131ndaki ba\u011flant\u0131lar\u0131 g\u00fc\u00e7lendirmek, farkl\u0131 co\u011frafyalardan ve k\u00fclt\u00fcrlerden insanlar\u0131 bir araya getirmek, ve ayn\u0131 zamanda dijital etkile\u015fimi daha verimli hale getirmek amac\u0131yla s\u00fcrekli olarak yenilik\u00e7i \u00e7\u00f6z\u00fcmler geli\u015ftiriyoruz. Takip\u00e7i kazanmak, etkile\u015fimde bulunmak ve dijital d\u00fcnyada daha g\u00f6r\u00fcn\u00fcr hale gelmek isteyen herkes i\u00e7in, <em>Takip Merkezi<\/em> do\u011fru adres.<\/p>\n\n\n\n<p>Sitemizde bulunan blog i\u00e7erikleri, rehberler, ipu\u00e7lar\u0131 ve analizlerle sosyal medya d\u00fcnyas\u0131ndaki de\u011fi\u015fimleri takip edebilir, en g\u00fcncel stratejileri \u00f6\u011frenebilir ve sosyal medya varl\u0131\u011f\u0131n\u0131z\u0131 bir \u00fcst seviyeye ta\u015f\u0131yabilirsiniz. Ayr\u0131ca, kullan\u0131c\u0131lara en iyi ara\u00e7lar\u0131 sunarak takip\u00e7i etkile\u015fimini art\u0131rmak ve ba\u011flant\u0131lar\u0131n\u0131z\u0131 g\u00fc\u00e7lendirmek i\u00e7in pratik \u00e7\u00f6z\u00fcmler sunuyoruz.<\/p>\n\n\n\n<p><em>Takip Merkezi<\/em>, sosyal medya ile ilgilenen herkesin ihtiya\u00e7 duydu\u011fu bir kaynakt\u0131r. Dijital d\u00fcnyada ba\u015far\u0131l\u0131 olmak ve sosyal medya etkile\u015fiminizi art\u0131rmak istiyorsan\u0131z, <em>Takip Merkezi<\/em> size rehberlik edecek, g\u00fc\u00e7l\u00fc bir dijital varl\u0131k olu\u015fturman\u0131za yard\u0131mc\u0131 olacakt\u0131r.<\/p>\n\n\n\n<p>info@takipmerkezi.com.tr<\/p>","protected":false},"excerpt":{"rendered":"<p>Takip Merkezi, sosyal medya d\u00fcnyas\u0131nda daha g\u00fc\u00e7l\u00fc ve etkili bir varl\u0131k olu\u015fturmak isteyenler i\u00e7in kapsaml\u0131 bir bilgi ve etkile\u015fim platformudur. Sosyal medya ile ilgili en son haberler, trendler, ara\u00e7lar ve stratejiler hakk\u0131nda bilgi sa\u011flayarak kullan\u0131c\u0131lar\u0131n dijital d\u00fcnyada daha verimli bir \u015fekilde yer almalar\u0131na olanak tan\u0131r. Teknolojinin h\u0131zla geli\u015fti\u011fi g\u00fcn\u00fcm\u00fczde, sosyal &#8230; <\/p>\n<div><a class=\"more-link bs-book_btn\" href=\"https:\/\/takipmerkezi.com.tr\/en\/hakkinda\/\">Read More<\/a><\/div>","protected":false},"author":1,"featured_media":0,"parent":0,"menu_order":0,"comment_status":"closed","ping_status":"closed","template":"","meta":{"footnotes":""},"class_list":["post-83","page","type-page","status-publish","hentry"],"aioseo_notices":[],"_links":{"self":[{"href":"https:\/\/takipmerkezi.com.tr\/en\/wp-json\/wp\/v2\/pages\/83","targetHints":{"allow":["GET"]}}],"collection":[{"href":"https:\/\/takipmerkezi.com.tr\/en\/wp-json\/wp\/v2\/pages"}],"about":[{"href":"https:\/\/takipmerkezi.com.tr\/en\/wp-json\/wp\/v2\/types\/page"}],"author":[{"embeddable":true,"href":"https:\/\/takipmerkezi.com.tr\/en\/wp-json\/wp\/v2\/users\/1"}],"replies":[{"embeddable":true,"href":"https:\/\/takipmerkezi.com.tr\/en\/wp-json\/wp\/v2\/comments?post=83"}],"version-history":[{"count":1,"href":"https:\/\/takipmerkezi.com.tr\/en\/wp-json\/wp\/v2\/pages\/83\/revisions"}],"predecessor-version":[{"id":84,"href":"https:\/\/takipmerkezi.com.tr\/en\/wp-json\/wp\/v2\/pages\/83\/revisions\/84"}],"wp:attachment":[{"href":"https:\/\/takipmerkezi.com.tr\/en\/wp-json\/wp\/v2\/media?parent=83"}],"curies":[{"name":"wp","href":"https:\/\/api.w.org\/{rel}","templated":true}]}}