{"id":66,"date":"2025-03-08T19:46:43","date_gmt":"2025-03-08T19:46:43","guid":{"rendered":"https:\/\/takipmerkezi.com.tr\/kullanici-bloglari\/"},"modified":"2025-03-08T19:46:43","modified_gmt":"2025-03-08T19:46:43","slug":"kullanici-bloglari","status":"publish","type":"page","link":"https:\/\/takipmerkezi.com.tr\/en\/kullanici-bloglari\/","title":{"rendered":"Kullan\u0131c\u0131 Bloglar\u0131"},"content":{"rendered":"<div class=\"pmagic\">\n<div id=\"pg-user-blog\" class=\"pm-difl test\">\n         \n    <div id=\"pg-user-blog-container\" class=\"pm-dbfl\">\n    <div class='pg-alert-warning pg-alert-info'> There are no user blog posts yet.<\/div>    <\/div>\n<\/div>\n<\/div>","protected":false},"excerpt":{"rendered":"","protected":false},"author":1,"featured_media":0,"parent":0,"menu_order":0,"comment_status":"closed","ping_status":"closed","template":"","meta":{"footnotes":""},"class_list":["post-66","page","type-page","status-publish","hentry"],"aioseo_notices":[],"_links":{"self":[{"href":"https:\/\/takipmerkezi.com.tr\/en\/wp-json\/wp\/v2\/pages\/66","targetHints":{"allow":["GET"]}}],"collection":[{"href":"https:\/\/takipmerkezi.com.tr\/en\/wp-json\/wp\/v2\/pages"}],"about":[{"href":"https:\/\/takipmerkezi.com.tr\/en\/wp-json\/wp\/v2\/types\/page"}],"author":[{"embeddable":true,"href":"https:\/\/takipmerkezi.com.tr\/en\/wp-json\/wp\/v2\/users\/1"}],"replies":[{"embeddable":true,"href":"https:\/\/takipmerkezi.com.tr\/en\/wp-json\/wp\/v2\/comments?post=66"}],"version-history":[{"count":0,"href":"https:\/\/takipmerkezi.com.tr\/en\/wp-json\/wp\/v2\/pages\/66\/revisions"}],"wp:attachment":[{"href":"https:\/\/takipmerkezi.com.tr\/en\/wp-json\/wp\/v2\/media?parent=66"}],"curies":[{"name":"wp","href":"https:\/\/api.w.org\/{rel}","templated":true}]}}