{"id":59,"date":"2025-03-08T19:46:43","date_gmt":"2025-03-08T19:46:43","guid":{"rendered":"https:\/\/takipmerkezi.com.tr\/varsayilan-kullanici-grubu\/"},"modified":"2025-03-08T19:46:43","modified_gmt":"2025-03-08T19:46:43","slug":"varsayilan-kullanici-grubu","status":"publish","type":"page","link":"https:\/\/takipmerkezi.com.tr\/en\/varsayilan-kullanici-grubu\/","title":{"rendered":"Varsay\u0131lan Kullan\u0131c\u0131 Grubu"},"content":{"rendered":"<div class=\"pmagic\">\n    <div class=\"pg-group-box-wrap pg-single-group-card-box\">\n           <div class=\"pm-group-card-box pm-dbfl pm-border-bt\">\n         <div class=\"pm-group-card pm-dbfl pm-border pm-bg pm-radius5\">\n            <div class=\"pm-group-title pm-dbfl pm-bg-lt pm-pad10 pm-border-bt\">\n            <i class=\"fa fa-users\" aria-hidden=\"true\"><\/i>\n\t\t\tVarsay\u0131lan Kullan\u0131c\u0131 Grubu                        <\/div>\n             <div class=\"pm-group-image pm-difl pm-border\">\n                  <img decoding=\"async\" data-src=\"https:\/\/takipmerkezi.com.tr\/wp-content\/plugins\/profilegrid-user-profiles-groups-and-communities\/includes\/..\/public\/partials\/images\/default-group.png\" src=\"data:image\/gif;base64,R0lGODlhAQABAAAAACH5BAEKAAEALAAAAAABAAEAAAICTAEAOw==\" class=\"lazyload\" \/>                   \n                  \t\t\t\t<div class=\"pm-group-signup\">\n                                    <a href=\"https:\/\/takipmerkezi.com.tr\/en\/kayit\/?gid=1\" class=\"pm_button\"><button>Join Group<\/button><\/a>\t\t\t\t<\/div>                \n\t\t\t\t                 \n             <\/div>\n             <div class=\"pm-group-description pm-difl pm-bg pm-pad10 pm-border\">\n         \n         \t\t                 <div class=\"pm-card-row pm-dbfl\">\n                    <div class=\"pm-card-label pm-difl\">Members<\/div>\n                    <div class=\"pm-card-value pm-difl\">6<\/div>\n                 <\/div>\n                                  \n                                   <div class=\"pm-card-row pm-dbfl\">\n                    <div class=\"pm-card-label pm-difl\">Details<\/div>\n                    <div class=\"pm-card-value pm-difl\">Bu varsay\u0131lan kullan\u0131c\u0131 grubudur. Mevcut t\u00fcm kullan\u0131c\u0131lar otomatik olarak bu gruba dahil edilir. Gruplar y\u00f6netici taraf\u0131ndan de\u011fi\u015ftirilebilir veya silinebilir.<\/div>\n                 <\/div>\n                                               <\/div>\n           <\/div>\n           \n           \n\n        <\/div>\n   \n          <div id=\"pg_group_tabs\" class=\"pm-section-nav-horizental pm-dbfl\">\n        <ul class=\"pm-difl pm-profile-tab-wrap pm-border-bt\">\t\n                        <li class=\"pm-profile-tab pm-pad10\"><a class=\"pm-dbfl\" href=\"#pg_members\">Members<\/a><\/li>\n                                     \n        <\/ul>\n                <div id=\"pg_members\" class=\"pm-dbfl pg-profile-tab-content\">\n        <input type=\"hidden\" id=\"pg-gid\" name=\"pg-gid\" value=\"1\">\n        <div class=\"pg-group-setting-head pm-dbfl pm-bg pg-group-filters-head\">\n        <div class=\"pg-group-sorting-ls pg-members-sortby pm-difl\">\n            <div class=\"pg-sortby-alpha pm-difl\">\n                <span class=\"pg-group-sorting-title pm-difl\">Sort by<\/span>\n            <span class=\"pg-sort-dropdown pm-border pm-difl\">\n                <select class=\"pg-custom-select\" name=\"member_sort_by_grid\" id=\"member_sort_by_grid\" onchange=\"pm_get_all_users_from_group_grid_view(1,'grid')\">\n                    <option value=\"oldest_first\"  selected='selected'>Oldest<\/option>\n                    <option value=\"latest_first\"  >Newest<\/option>\n                    <option value=\"first_name_asc\"  >First Name Alphabetically A - Z<\/option>\n                    <option value=\"first_name_desc\"  >First Name Alphabetically Z - A<\/option>\n                    <option value=\"last_name_asc\"  >Last Name Alphabetically A - Z<\/option>\n                    <option value=\"last_name_desc\"  >Last Name Alphabetically Z- A<\/option>\n\n                <\/select>\n            <\/span>\n                <\/div>\n            \n        <\/div>\n      \n        <div class=\"pg-group-sorting-rs pm-difr\">\n           <div class=\"pg-members-sortby\">\n                <span class=\"pg-sort-dropdown pm-border\">\n                    <select class=\"pg-custom-select\" id=\"member_search_in_grid\" name=\"member_search_in_grid\" onchange=\"pm_get_all_users_from_group_grid_view(1,'grid')\">\n                        <option value=\"\">Select a Field<\/option>\n                        <option value=\"user_login\">Username<\/option><option value=\"first_name\">First Name<\/option><option value=\"last_name\">Last Name<\/option><option value=\"user_email\">Email<\/option><option value=\"user_url\">Website<\/option><option value=\"description\">Biographical Info<\/option>                    <\/select>\n                <\/span>\n\n            <\/div>\n            <div class=\"pg-member-search\"><input type=\"text\" name=\"member_search_grid\" id=\"member_search_grid\" placeholder=\"Search\" onkeyup=\"pm_get_all_users_from_group_grid_view(1,'grid')\"><\/div>\n        <\/div>\n\n    <\/div>    \n        \n            <div id=\"pg_members_grid_view\">    \n            \n            \n        \n        <div class=\"pm-user-card pm-difl pm-border pm-radius5\">\n                        <div class=\"pm-user-card-cover pm-dbfl\">\n                <img decoding=\"async\" data-src=\"https:\/\/takipmerkezi.com.tr\/wp-content\/plugins\/profilegrid-user-profiles-groups-and-communities\/includes\/..\/public\/partials\/images\/admin-default-cover.jpg\" src=\"data:image\/gif;base64,R0lGODlhAQABAAAAACH5BAEKAAEALAAAAAABAAEAAAICTAEAOw==\" class=\"lazyload\" \/>                <\/div>\n                        <a href=\"https:\/\/takipmerkezi.com.tr\/en\/profilim\/?uid=1\"><div class=\"pm-user-image pm-dbfl pm-bg-lt\"><img decoding=\"async\" data-src=\"https:\/\/takipmerkezi.com.tr\/wp-content\/plugins\/profilegrid-user-profiles-groups-and-communities\/public\/\/partials\/images\/admin-default-user.png\" width=\"96\" height=\"96\" class=\"user-profile-image lazyload\" src=\"data:image\/gif;base64,R0lGODlhAQABAAAAACH5BAEKAAEALAAAAAABAAEAAAICTAEAOw==\" style=\"--smush-placeholder-width: 96px; --smush-placeholder-aspect-ratio: 96\/96;\" \/><\/div><\/a>\n                        <div class=\"pm-user-description pm-dbfl pm-bg-lt\">\n                <div class=\"pm-user-card-title pm-dbfl pm-pad10 pm-bg-lt pm-clip\">\n                                    <a href=\"https:\/\/takipmerkezi.com.tr\/en\/profilim\/?uid=1\">yonetici <\/a>\n                                                    <\/div>\n                                  \n            <\/div>\n                      <\/div>         \n      \t        \n        <div class=\"pm-user-card pm-difl pm-border pm-radius5\">\n                        <div class=\"pm-user-card-cover pm-dbfl\">\n                <img decoding=\"async\" data-src=\"https:\/\/takipmerkezi.com.tr\/wp-content\/plugins\/profilegrid-user-profiles-groups-and-communities\/includes\/..\/public\/partials\/images\/default-cover.jpg\" src=\"data:image\/gif;base64,R0lGODlhAQABAAAAACH5BAEKAAEALAAAAAABAAEAAAICTAEAOw==\" class=\"lazyload\" \/>                <\/div>\n                        <a href=\"https:\/\/takipmerkezi.com.tr\/en\/profilim\/?uid=2\"><div class=\"pm-user-image pm-dbfl pm-bg-lt\"><img decoding=\"async\" data-src=\"https:\/\/takipmerkezi.com.tr\/wp-content\/plugins\/profilegrid-user-profiles-groups-and-communities\/public\/\/partials\/images\/default-user.png\" width=\"96\" height=\"96\" class=\"user-profile-image lazyload\" src=\"data:image\/gif;base64,R0lGODlhAQABAAAAACH5BAEKAAEALAAAAAABAAEAAAICTAEAOw==\" style=\"--smush-placeholder-width: 96px; --smush-placeholder-aspect-ratio: 96\/96;\" \/><\/div><\/a>\n                        <div class=\"pm-user-description pm-dbfl pm-bg-lt\">\n                <div class=\"pm-user-card-title pm-dbfl pm-pad10 pm-bg-lt pm-clip\">\n                                    <a href=\"https:\/\/takipmerkezi.com.tr\/en\/profilim\/?uid=2\">\u062e\u0627\u0644\u062f \u0627\u0644\u062f\u0648\u0633\u0631\u064a <\/a>\n                                                    <\/div>\n                                  \n            <\/div>\n                      <\/div>         \n      \t        \n        <div class=\"pm-user-card pm-difl pm-border pm-radius5\">\n                        <div class=\"pm-user-card-cover pm-dbfl\">\n                <img decoding=\"async\" data-src=\"https:\/\/takipmerkezi.com.tr\/wp-content\/plugins\/profilegrid-user-profiles-groups-and-communities\/includes\/..\/public\/partials\/images\/default-cover.jpg\" src=\"data:image\/gif;base64,R0lGODlhAQABAAAAACH5BAEKAAEALAAAAAABAAEAAAICTAEAOw==\" class=\"lazyload\" \/>                <\/div>\n                        <a href=\"https:\/\/takipmerkezi.com.tr\/en\/profilim\/?uid=3\"><div class=\"pm-user-image pm-dbfl pm-bg-lt\"><img decoding=\"async\" data-src=\"https:\/\/takipmerkezi.com.tr\/wp-content\/plugins\/profilegrid-user-profiles-groups-and-communities\/public\/\/partials\/images\/default-user.png\" width=\"96\" height=\"96\" class=\"user-profile-image lazyload\" src=\"data:image\/gif;base64,R0lGODlhAQABAAAAACH5BAEKAAEALAAAAAABAAEAAAICTAEAOw==\" style=\"--smush-placeholder-width: 96px; --smush-placeholder-aspect-ratio: 96\/96;\" \/><\/div><\/a>\n                        <div class=\"pm-user-description pm-dbfl pm-bg-lt\">\n                <div class=\"pm-user-card-title pm-dbfl pm-pad10 pm-bg-lt pm-clip\">\n                                    <a href=\"https:\/\/takipmerkezi.com.tr\/en\/profilim\/?uid=3\">gass gass <\/a>\n                                                    <\/div>\n                                  \n            <\/div>\n                      <\/div>         \n      \t        \n        <div class=\"pm-user-card pm-difl pm-border pm-radius5\">\n                        <div class=\"pm-user-card-cover pm-dbfl\">\n                <img decoding=\"async\" data-src=\"https:\/\/takipmerkezi.com.tr\/wp-content\/plugins\/profilegrid-user-profiles-groups-and-communities\/includes\/..\/public\/partials\/images\/default-cover.jpg\" src=\"data:image\/gif;base64,R0lGODlhAQABAAAAACH5BAEKAAEALAAAAAABAAEAAAICTAEAOw==\" class=\"lazyload\" \/>                <\/div>\n                        <a href=\"https:\/\/takipmerkezi.com.tr\/en\/profilim\/?uid=4\"><div class=\"pm-user-image pm-dbfl pm-bg-lt\"><img decoding=\"async\" data-src=\"https:\/\/takipmerkezi.com.tr\/wp-content\/plugins\/profilegrid-user-profiles-groups-and-communities\/public\/\/partials\/images\/default-user.png\" width=\"96\" height=\"96\" class=\"user-profile-image lazyload\" src=\"data:image\/gif;base64,R0lGODlhAQABAAAAACH5BAEKAAEALAAAAAABAAEAAAICTAEAOw==\" style=\"--smush-placeholder-width: 96px; --smush-placeholder-aspect-ratio: 96\/96;\" \/><\/div><\/a>\n                        <div class=\"pm-user-description pm-dbfl pm-bg-lt\">\n                <div class=\"pm-user-card-title pm-dbfl pm-pad10 pm-bg-lt pm-clip\">\n                                    <a href=\"https:\/\/takipmerkezi.com.tr\/en\/profilim\/?uid=4\">football.7.pulse football.7.pulse <\/a>\n                                                    <\/div>\n                                  \n            <\/div>\n                      <\/div>         \n      \t        \n        <div class=\"pm-user-card pm-difl pm-border pm-radius5\">\n                        <div class=\"pm-user-card-cover pm-dbfl\">\n                <img decoding=\"async\" data-src=\"https:\/\/takipmerkezi.com.tr\/wp-content\/plugins\/profilegrid-user-profiles-groups-and-communities\/includes\/..\/public\/partials\/images\/default-cover.jpg\" src=\"data:image\/gif;base64,R0lGODlhAQABAAAAACH5BAEKAAEALAAAAAABAAEAAAICTAEAOw==\" class=\"lazyload\" \/>                <\/div>\n                        <a href=\"https:\/\/takipmerkezi.com.tr\/en\/profilim\/?uid=5\"><div class=\"pm-user-image pm-dbfl pm-bg-lt\"><img decoding=\"async\" data-src=\"https:\/\/takipmerkezi.com.tr\/wp-content\/plugins\/profilegrid-user-profiles-groups-and-communities\/public\/\/partials\/images\/default-user.png\" width=\"96\" height=\"96\" class=\"user-profile-image lazyload\" src=\"data:image\/gif;base64,R0lGODlhAQABAAAAACH5BAEKAAEALAAAAAABAAEAAAICTAEAOw==\" style=\"--smush-placeholder-width: 96px; --smush-placeholder-aspect-ratio: 96\/96;\" \/><\/div><\/a>\n                        <div class=\"pm-user-description pm-dbfl pm-bg-lt\">\n                <div class=\"pm-user-card-title pm-dbfl pm-pad10 pm-bg-lt pm-clip\">\n                                    <a href=\"https:\/\/takipmerkezi.com.tr\/en\/profilim\/?uid=5\">Ndndndn Jdjdjdj <\/a>\n                                                    <\/div>\n                                  \n            <\/div>\n                      <\/div>         \n      \t        \n        <div class=\"pm-user-card pm-difl pm-border pm-radius5\">\n                        <div class=\"pm-user-card-cover pm-dbfl\">\n                <img decoding=\"async\" data-src=\"https:\/\/takipmerkezi.com.tr\/wp-content\/plugins\/profilegrid-user-profiles-groups-and-communities\/includes\/..\/public\/partials\/images\/default-cover.jpg\" src=\"data:image\/gif;base64,R0lGODlhAQABAAAAACH5BAEKAAEALAAAAAABAAEAAAICTAEAOw==\" class=\"lazyload\" \/>                <\/div>\n                        <a href=\"https:\/\/takipmerkezi.com.tr\/en\/profilim\/?uid=7\"><div class=\"pm-user-image pm-dbfl pm-bg-lt\"><img decoding=\"async\" data-src=\"https:\/\/takipmerkezi.com.tr\/wp-content\/plugins\/profilegrid-user-profiles-groups-and-communities\/public\/\/partials\/images\/default-user.png\" width=\"96\" height=\"96\" class=\"user-profile-image lazyload\" src=\"data:image\/gif;base64,R0lGODlhAQABAAAAACH5BAEKAAEALAAAAAABAAEAAAICTAEAOw==\" style=\"--smush-placeholder-width: 96px; --smush-placeholder-aspect-ratio: 96\/96;\" \/><\/div><\/a>\n                        <div class=\"pm-user-description pm-dbfl pm-bg-lt\">\n                <div class=\"pm-user-card-title pm-dbfl pm-pad10 pm-bg-lt pm-clip\">\n                                    <a href=\"https:\/\/takipmerkezi.com.tr\/en\/profilim\/?uid=7\">mish al3neze <\/a>\n                                                    <\/div>\n                                  \n            <\/div>\n                      <\/div>         \n      \t<div class=\"pm_clear\"><\/div><div class=\"pm-member-pagination-grid\"><\/div>            <\/div>  \n          <\/div>\n                        \n        \n      <\/div>\n            \n<\/div>\n    <\/div>\n<div class=\"pm-popup-mask\"><\/div>    \n\n<div id=\"pm-edit-group-popup\" style=\"display: none;\">\n    <div class=\"pm-popup-container\" id=\"pg_edit_group_html_container\">\n     \n        \n    <\/div>\n<\/div>","protected":false},"excerpt":{"rendered":"","protected":false},"author":1,"featured_media":0,"parent":0,"menu_order":0,"comment_status":"closed","ping_status":"closed","template":"","meta":{"footnotes":""},"class_list":["post-59","page","type-page","status-publish","hentry"],"aioseo_notices":[],"_links":{"self":[{"href":"https:\/\/takipmerkezi.com.tr\/en\/wp-json\/wp\/v2\/pages\/59","targetHints":{"allow":["GET"]}}],"collection":[{"href":"https:\/\/takipmerkezi.com.tr\/en\/wp-json\/wp\/v2\/pages"}],"about":[{"href":"https:\/\/takipmerkezi.com.tr\/en\/wp-json\/wp\/v2\/types\/page"}],"author":[{"embeddable":true,"href":"https:\/\/takipmerkezi.com.tr\/en\/wp-json\/wp\/v2\/users\/1"}],"replies":[{"embeddable":true,"href":"https:\/\/takipmerkezi.com.tr\/en\/wp-json\/wp\/v2\/comments?post=59"}],"version-history":[{"count":0,"href":"https:\/\/takipmerkezi.com.tr\/en\/wp-json\/wp\/v2\/pages\/59\/revisions"}],"wp:attachment":[{"href":"https:\/\/takipmerkezi.com.tr\/en\/wp-json\/wp\/v2\/media?parent=59"}],"curies":[{"name":"wp","href":"https:\/\/api.w.org\/{rel}","templated":true}]}}